{"id":10360,"date":"2025-10-02T19:24:17","date_gmt":"2025-10-02T19:24:17","guid":{"rendered":"https:\/\/www.eticalgarve.com\/training-areas\/animation-and-video-games\/"},"modified":"2026-03-23T15:48:43","modified_gmt":"2026-03-23T15:48:43","slug":"animation-and-video-games","status":"publish","type":"page","link":"https:\/\/www.eticalgarve.com\/en\/training-areas\/animation-and-video-games\/","title":{"rendered":"Animation and Video Games"},"content":{"rendered":"\n<h2 class=\"wp-block-heading alignwide heading-2 has-extra-large-font-size\">Turn your passion for games into a career in gaming<\/h2>\n\n<div class=\"wp-block-kobu-custom-blocks-inner-content-img alignfull media-content-group child-item align-right valign-start img-last\"><div class=\"content-col\"><div class=\"content-col-wrapper\">\n<p class=\"has-small-font-size\">In the <strong>Animation and Video Games Area at ETIC_Algarve<\/strong>, you can turn your <strong>passion for gaming and art into a profession<\/strong>. Here you will learn to <strong>create characters, worlds and interactive experiences<\/strong>, exploring everything from <strong>design and animation<\/strong> to the <strong>technical development of complete video games.<\/strong><\/p>\n\n\n\n<p class=\"has-small-font-size\"><br\/>O <strong><a href=\"https:\/\/www.eticalgarve.com\/cursos\/curso-videojogos\/\">Curso T\u00e9cnico de Videojogos<\/a><\/strong> ensina-te a <strong>dominar todas as etapas de produ\u00e7\u00e3o, da conce\u00e7\u00e3o \u00e0 comercializa\u00e7\u00e3o<\/strong>, passando pelo <strong><em>game design<\/em>, programa\u00e7\u00e3o, <em>interface<\/em>, experi\u00eancia do utilizador, 3D, som e anima\u00e7\u00e3o. <\/strong><\/p>\n\n\n\n<p class=\"has-small-font-size\">Se preferes dar vida \u00e0s imagens, o <strong><a href=\"https:\/\/www.eticalgarve.com\/cursos\/curso-game-art\/\">Curso T\u00e9cnico de Game Art <\/a><\/strong>prepara-te para <strong>desenhar personagens, cen\u00e1rios e objetos<\/strong>, com <strong>fundamentos t\u00e9cnicos e est\u00e9ticos <\/strong>aplicados a <strong>videojogos.<\/strong><\/p>\n\n\n\n<p class=\"has-small-font-size\"><br\/>Para quem procura ir mais al\u00e9m, o <strong><a href=\"https:\/\/www.eticalgarve.com\/cursos\/curso-games-development\/\">Curso de Especializa\u00e7\u00e3o em Games Development<\/a> <\/strong>aprofunda <strong>compet\u00eancias avan\u00e7adas em programa\u00e7\u00e3o, sistemas de <em>gameplay<\/em> e ferramentas de produ\u00e7\u00e3o<\/strong>, validado pela <strong><em>Teesside University<\/em>,<\/strong> abrindo caminho para <strong>qualifica\u00e7\u00f5es internacionais.<\/strong><\/p>\n\n\n\n<p class=\"has-small-font-size\">J\u00e1 o <strong><a href=\"https:\/\/www.eticalgarve.com\/cursos\/curso-especializacao-games-design\/\">Curso de Especializa\u00e7\u00e3o em Games Design <\/a><\/strong>foca-se na <strong>narrativa, design e <em>gameplay<\/em>,<\/strong> capacitando-te para <strong>criar experi\u00eancias de jogo completas e competitivas no mercado global<\/strong>. Este curso \u00e9 tamb\u00e9m validado pela <em><strong>Teesside University.<\/strong><\/em><\/p>\n\n\n\n<p class=\"has-small-font-size\">In the Algarve, <strong>ETIC_Algarve is a benchmark in digital entertainment training<\/strong>, with <strong>technical courses and specialisations<\/strong> that combine <strong>practice, creativity and innovation<\/strong>. If you dream of creating <strong>games, characters and universes<\/strong> that captivate thousands of players, this is the place for you to <strong>take the next step.<\/strong><\/p>\n<\/div><\/div><div class=\"media-col\"><figure><img loading=\"lazy\" decoding=\"async\" width=\"2560\" height=\"1707\" class=\"wp-image-6456\" src=\"https:\/\/www.eticalgarve.com\/files\/uploads\/2025\/10\/FOTOS-2025.03.10-VIDEOJOGOS-SPRINTING-E-ANIMACAO-Alexandra-Damas-VJ-2426_-11-scaled.jpg\" alt=\"Aula Videojogos\" title=\"FOTOS - 2025.03.10 - VIDEOJOGOS-SPRINTING E ANIMAC\u0327A\u0303O - Alexandra Damas- VJ 2426_-11\" sizes=\"auto, (min-width: 601px) 50vw, 100vw\" srcset=\"https:\/\/www.eticalgarve.com\/files\/uploads\/2025\/10\/FOTOS-2025.03.10-VIDEOJOGOS-SPRINTING-E-ANIMACAO-Alexandra-Damas-VJ-2426_-11-scaled.jpg 2560w, https:\/\/www.eticalgarve.com\/files\/uploads\/2025\/10\/FOTOS-2025.03.10-VIDEOJOGOS-SPRINTING-E-ANIMACAO-Alexandra-Damas-VJ-2426_-11-300x200.jpg 300w, https:\/\/www.eticalgarve.com\/files\/uploads\/2025\/10\/FOTOS-2025.03.10-VIDEOJOGOS-SPRINTING-E-ANIMACAO-Alexandra-Damas-VJ-2426_-11-1024x683.jpg 1024w, https:\/\/www.eticalgarve.com\/files\/uploads\/2025\/10\/FOTOS-2025.03.10-VIDEOJOGOS-SPRINTING-E-ANIMACAO-Alexandra-Damas-VJ-2426_-11-768x512.jpg 768w, https:\/\/www.eticalgarve.com\/files\/uploads\/2025\/10\/FOTOS-2025.03.10-VIDEOJOGOS-SPRINTING-E-ANIMACAO-Alexandra-Damas-VJ-2426_-11-1536x1024.jpg 1536w, https:\/\/www.eticalgarve.com\/files\/uploads\/2025\/10\/FOTOS-2025.03.10-VIDEOJOGOS-SPRINTING-E-ANIMACAO-Alexandra-Damas-VJ-2426_-11-2048x1365.jpg 2048w\" \/><\/figure><\/div><\/div>\n\n<div class=\"wp-block-kobu-custom-blocks-responsive-spacer responsive-spacer size-large\"><\/div>\n\n<h2 class=\"wp-block-heading alignwide has-extra-large-font-size\">Courses<\/h2>\n<div class=\"container-wrapper alignfull courses-list-block\">\n\t<div class=\"container xlarge\">\n\t\t\t\t\t<ul class=\"articles-list\">\n\t\t\t\t\n<li class=\"article course-card \">\n\t\t\t<a href=\"https:\/\/www.eticalgarve.com\/en\/courses\/video-games\/\">\n\t\t\t<div class=\"course-card-img\">\n\t\t\t\t\t\t\t\t\t\t\t\t\t<div class=\"fixed-ratio-img\">\n\t\t\t\t\t\t<noscript class=\"loading-lazy\">\n\t\t\t\t\t\t\t<img loading=\"lazy\" decoding=\"async\" width=\"640\" height=\"694\" src=\"https:\/\/www.eticalgarve.com\/files\/uploads\/2025\/08\/1-curso-2-anos-videojogos-768x833.webp\" class=\"coverimg\" alt=\"Curso Videojogos\" sizes=\"auto, (min-width: 993px) 33vw, (min-width: 601px) 50vw, 100vw\" srcset=\"https:\/\/www.eticalgarve.com\/files\/uploads\/2025\/08\/1-curso-2-anos-videojogos-768x833.webp 768w, https:\/\/www.eticalgarve.com\/files\/uploads\/2025\/08\/1-curso-2-anos-videojogos-277x300.webp 277w, https:\/\/www.eticalgarve.com\/files\/uploads\/2025\/08\/1-curso-2-anos-videojogos-944x1024.webp 944w, https:\/\/www.eticalgarve.com\/files\/uploads\/2025\/08\/1-curso-2-anos-videojogos.webp 1180w\" \/>\t\t\t\t\t\t<\/noscript>\n\t\t\t\t\t<\/div>\n\t\t\t\t\t\t\t<\/div>\n\t\t<\/a>\n\t\n\t<div class=\"course-card-info\">\n\t\t<a href=\"https:\/\/www.eticalgarve.com\/en\/courses\/video-games\/\">\n\t\t\t<h2>Video Games Course<\/h2>\n\t\t<\/a>\n\t\t<div class=\"wp-block-button simple-button\">\n\t\t\t<a class=\"wp-block-button__link wp-element-button\" href=\"https:\/\/www.eticalgarve.com\/en\/courses\/video-games\/\">learn more \u2192<\/a>\n\t\t<\/div>\n\t\t<div class=\"categories-group\">\n\t\t\t\t\t\t<ul class=\"categories list\"><li><a class=\"tag\" href=\"https:\/\/www.eticalgarve.com\/en\/courses-etic-algarve\/?area-de-formacao=animation-and-video-games\">Animation and Video Games<\/a><\/li><\/ul>\t\t\t<ul class=\"categories list\"><li><a class=\"tag\" href=\"https:\/\/www.eticalgarve.com\/en\/courses-etic-algarve\/?tipo-de-curso=2-year-technical-courses\">2-year<\/a><\/li><\/ul>\t\t\t\t\t\t\t<ul class=\"categories\"><li><span>September to July<\/span><\/li><\/ul>\n\t\t\t\t\t\t<ul class=\"categories list\"><li><span>Work Hours<\/span><\/li><\/ul>\t\t<\/div>\n\t<\/div>\n<\/li>\n<li class=\"article course-card \">\n\t\t\t<a href=\"https:\/\/www.eticalgarve.com\/en\/courses\/specialisation-course-games-design\/\">\n\t\t\t<div class=\"course-card-img\">\n\t\t\t\t\t\t\t\t\t\t\t\t\t<div class=\"fixed-ratio-img\">\n\t\t\t\t\t\t<noscript class=\"loading-lazy\">\n\t\t\t\t\t\t\t<img loading=\"lazy\" decoding=\"async\" width=\"640\" height=\"694\" src=\"https:\/\/www.eticalgarve.com\/files\/uploads\/2025\/08\/1-curso-1-ano-games-design-768x833.webp\" class=\"coverimg\" alt=\"Curso de Especializa\u00e7\u00e3o Games Design\" sizes=\"auto, (min-width: 993px) 33vw, (min-width: 601px) 50vw, 100vw\" srcset=\"https:\/\/www.eticalgarve.com\/files\/uploads\/2025\/08\/1-curso-1-ano-games-design-768x833.webp 768w, https:\/\/www.eticalgarve.com\/files\/uploads\/2025\/08\/1-curso-1-ano-games-design-277x300.webp 277w, https:\/\/www.eticalgarve.com\/files\/uploads\/2025\/08\/1-curso-1-ano-games-design-944x1024.webp 944w, https:\/\/www.eticalgarve.com\/files\/uploads\/2025\/08\/1-curso-1-ano-games-design.webp 1180w\" \/>\t\t\t\t\t\t<\/noscript>\n\t\t\t\t\t<\/div>\n\t\t\t\t\t\t\t<\/div>\n\t\t<\/a>\n\t\n\t<div class=\"course-card-info\">\n\t\t<a href=\"https:\/\/www.eticalgarve.com\/en\/courses\/specialisation-course-games-design\/\">\n\t\t\t<h2>Specialisation Course in Games Design<\/h2>\n\t\t<\/a>\n\t\t<div class=\"wp-block-button simple-button\">\n\t\t\t<a class=\"wp-block-button__link wp-element-button\" href=\"https:\/\/www.eticalgarve.com\/en\/courses\/specialisation-course-games-design\/\">learn more \u2192<\/a>\n\t\t<\/div>\n\t\t<div class=\"categories-group\">\n\t\t\t\t\t\t<ul class=\"categories list\"><li><a class=\"tag\" href=\"https:\/\/www.eticalgarve.com\/en\/courses-etic-algarve\/?area-de-formacao=animation-and-video-games\">Animation and Video Games<\/a><\/li><\/ul>\t\t\t<ul class=\"categories list\"><li><a class=\"tag\" href=\"https:\/\/www.eticalgarve.com\/en\/courses-etic-algarve\/?tipo-de-curso=specialization-courses\">Specialization Courses<\/a><\/li><\/ul>\t\t\t\t\t\t\t<ul class=\"categories\"><li><span>September to June<\/span><\/li><\/ul>\n\t\t\t\t\t\t<ul class=\"categories list\"><li><span>After Work Hours<\/span><\/li><li><span>P\u00f3s-laboral<\/span><\/li><\/ul>\t\t<\/div>\n\t<\/div>\n<\/li>\n<li class=\"article course-card \">\n\t\t\t<a href=\"https:\/\/www.eticalgarve.com\/en\/courses\/specialisation-course-games-development\/\">\n\t\t\t<div class=\"course-card-img\">\n\t\t\t\t\t\t\t\t\t\t\t\t\t<div class=\"fixed-ratio-img\">\n\t\t\t\t\t\t<noscript class=\"loading-lazy\">\n\t\t\t\t\t\t\t<img loading=\"lazy\" decoding=\"async\" width=\"640\" height=\"694\" src=\"https:\/\/www.eticalgarve.com\/files\/uploads\/2025\/08\/1-curso-1-ano-games-development-768x833.webp\" class=\"coverimg\" alt=\"Curso Especializa\u00e7\u00e3o Games Development\" sizes=\"auto, (min-width: 993px) 33vw, (min-width: 601px) 50vw, 100vw\" srcset=\"https:\/\/www.eticalgarve.com\/files\/uploads\/2025\/08\/1-curso-1-ano-games-development-768x833.webp 768w, https:\/\/www.eticalgarve.com\/files\/uploads\/2025\/08\/1-curso-1-ano-games-development-277x300.webp 277w, https:\/\/www.eticalgarve.com\/files\/uploads\/2025\/08\/1-curso-1-ano-games-development-944x1024.webp 944w, https:\/\/www.eticalgarve.com\/files\/uploads\/2025\/08\/1-curso-1-ano-games-development.webp 1180w\" \/>\t\t\t\t\t\t<\/noscript>\n\t\t\t\t\t<\/div>\n\t\t\t\t\t\t\t<\/div>\n\t\t<\/a>\n\t\n\t<div class=\"course-card-info\">\n\t\t<a href=\"https:\/\/www.eticalgarve.com\/en\/courses\/specialisation-course-games-development\/\">\n\t\t\t<h2>Specialisation Course in Games Development<\/h2>\n\t\t<\/a>\n\t\t<div class=\"wp-block-button simple-button\">\n\t\t\t<a class=\"wp-block-button__link wp-element-button\" href=\"https:\/\/www.eticalgarve.com\/en\/courses\/specialisation-course-games-development\/\">learn more \u2192<\/a>\n\t\t<\/div>\n\t\t<div class=\"categories-group\">\n\t\t\t\t\t\t<ul class=\"categories list\"><li><a class=\"tag\" href=\"https:\/\/www.eticalgarve.com\/en\/courses-etic-algarve\/?area-de-formacao=animation-and-video-games\">Animation and Video Games<\/a><\/li><\/ul>\t\t\t<ul class=\"categories list\"><li><a class=\"tag\" href=\"https:\/\/www.eticalgarve.com\/en\/courses-etic-algarve\/?tipo-de-curso=specialization-courses\">Specialization Courses<\/a><\/li><\/ul>\t\t\t\t\t\t\t<ul class=\"categories\"><li><span>September to June<\/span><\/li><\/ul>\n\t\t\t\t\t\t<ul class=\"categories list\"><li><span>After Work Hours<\/span><\/li><\/ul>\t\t<\/div>\n\t<\/div>\n<\/li>\n<li class=\"article course-card \">\n\t\t\t<a href=\"https:\/\/www.eticalgarve.com\/en\/courses\/game-art-course\/\">\n\t\t\t<div class=\"course-card-img\">\n\t\t\t\t\t\t\t\t\t\t\t\t\t<div class=\"fixed-ratio-img\">\n\t\t\t\t\t\t<noscript class=\"loading-lazy\">\n\t\t\t\t\t\t\t<img loading=\"lazy\" decoding=\"async\" width=\"640\" height=\"694\" src=\"https:\/\/www.eticalgarve.com\/files\/uploads\/2025\/08\/1-curso-1-ano-game-art-768x833.webp\" class=\"coverimg\" alt=\"Curso Game Art\" sizes=\"auto, (min-width: 993px) 33vw, (min-width: 601px) 50vw, 100vw\" srcset=\"https:\/\/www.eticalgarve.com\/files\/uploads\/2025\/08\/1-curso-1-ano-game-art-768x833.webp 768w, https:\/\/www.eticalgarve.com\/files\/uploads\/2025\/08\/1-curso-1-ano-game-art-277x300.webp 277w, https:\/\/www.eticalgarve.com\/files\/uploads\/2025\/08\/1-curso-1-ano-game-art-944x1024.webp 944w, https:\/\/www.eticalgarve.com\/files\/uploads\/2025\/08\/1-curso-1-ano-game-art.webp 1180w\" \/>\t\t\t\t\t\t<\/noscript>\n\t\t\t\t\t<\/div>\n\t\t\t\t\t\t\t<\/div>\n\t\t<\/a>\n\t\n\t<div class=\"course-card-info\">\n\t\t<a href=\"https:\/\/www.eticalgarve.com\/en\/courses\/game-art-course\/\">\n\t\t\t<h2>Game Art Course<\/h2>\n\t\t<\/a>\n\t\t<div class=\"wp-block-button simple-button\">\n\t\t\t<a class=\"wp-block-button__link wp-element-button\" href=\"https:\/\/www.eticalgarve.com\/en\/courses\/game-art-course\/\">learn more \u2192<\/a>\n\t\t<\/div>\n\t\t<div class=\"categories-group\">\n\t\t\t\t\t\t<ul class=\"categories list\"><li><a class=\"tag\" href=\"https:\/\/www.eticalgarve.com\/en\/courses-etic-algarve\/?area-de-formacao=animation-and-video-games\">Animation and Video Games<\/a><\/li><\/ul>\t\t\t<ul class=\"categories list\"><li><a class=\"tag\" href=\"https:\/\/www.eticalgarve.com\/en\/courses-etic-algarve\/?tipo-de-curso=1-year-technical-courses\">1-year<\/a><\/li><\/ul>\t\t\t\t\t\t\t<ul class=\"categories\"><li><span>September to July<\/span><\/li><\/ul>\n\t\t\t\t\t\t<ul class=\"categories list\"><li><span>After Work Hours<\/span><\/li><\/ul>\t\t<\/div>\n\t<\/div>\n<\/li>\t\t\t<\/ul>\n\t\t\t<\/div>\n<\/div>\n<div class=\"wp-block-kobu-custom-blocks-responsive-spacer responsive-spacer size-large\"><\/div>\n\n<h2 class=\"wp-block-heading alignwide heading-3 has-extra-large-font-size\">Facilities<\/h2>\n\n<div class=\"wp-block-kobu-custom-blocks-inner-content-img alignfull media-content-group child-item align-right valign-start img-last align-right-with-img\"><div class=\"content-col\"><div class=\"content-col-wrapper\">\n<p class=\"font-secondary has-medium-small-font-size\"><em>Modern spaces ready for the future of gaming<\/em><\/p>\n\n\n\n<div class=\"wp-block-kobu-custom-blocks-responsive-spacer responsive-spacer size-custom\" style=\"height: 40px;\" data-small=\"40\" data-medium=\"40\" data-large=\"40\"><\/div>\n\n\n\n<p class=\"has-small-font-size\">In the <strong>Animation and Video Games Area<\/strong>, learning takes place in <strong>modern classrooms equipped with high-performance computers and software used in the gaming industry<\/strong>, ensuring that you work with the <strong>same tools used by professionals from day one<\/strong>.<\/p>\n\n\n\n<p class=\"has-small-font-size\">These <strong>spaces<\/strong> give you the opportunity to <strong>experiment, programme, animate and develop video game and concept art projects in real production conditions,<\/strong> preparing you in a practical way to enter one of the <strong>most dynamic and competitive sectors in the creative world.<\/strong><\/p>\n\n\n\n<div class=\"wp-block-kobu-custom-blocks-responsive-spacer responsive-spacer size-small\"><\/div>\n<\/div><\/div><div class=\"media-col\"><figure><img loading=\"lazy\" decoding=\"async\" width=\"1920\" height=\"1080\" class=\"wp-image-5709\" src=\"https:\/\/www.eticalgarve.com\/files\/uploads\/2025\/10\/espacos_sala_02.webp\" alt=\"Sala de aula\" title=\"espacos_sala_02\" sizes=\"auto, (min-width: 601px) 50vw, 100vw\" srcset=\"https:\/\/www.eticalgarve.com\/files\/uploads\/2025\/10\/espacos_sala_02.webp 1920w, https:\/\/www.eticalgarve.com\/files\/uploads\/2025\/10\/espacos_sala_02-300x169.webp 300w, https:\/\/www.eticalgarve.com\/files\/uploads\/2025\/10\/espacos_sala_02-1024x576.webp 1024w, https:\/\/www.eticalgarve.com\/files\/uploads\/2025\/10\/espacos_sala_02-768x432.webp 768w, https:\/\/www.eticalgarve.com\/files\/uploads\/2025\/10\/espacos_sala_02-1536x864.webp 1536w\" \/><\/figure><\/div><\/div>\n\n<div class=\"wp-block-kobu-custom-blocks-responsive-spacer responsive-spacer size-large\"><\/div>\n\n<h2 class=\"wp-block-heading alignwide has-extra-large-font-size\">Equipments<\/h2>\n\n<div class=\"wp-block-group alignwide has-small-font-size is-layout-grid wp-container-core-group-is-layout-6be84c55 wp-block-group-is-layout-grid\">\n<ul class=\"wp-block-list\">\n<li>Individual Apple workstations with Adobe, Blender, Invision, Sketch, Canva Pro, and Pro Tools software.<\/li>\n\n\n\n<li>Room equipped with one computer per trainee, in a macOS or Windows environment<\/li>\n\n\n\n<li>Huion Kamvas screen digitising tablets<\/li>\n\n\n\n<li>Meta Quest 2 Virtual Reality Headset<\/li>\n<\/ul>\n<\/div>\n\n<div class=\"wp-block-kobu-custom-blocks-responsive-spacer responsive-spacer size-small\"><\/div>\n\n<div class=\"wp-block-kobu-custom-blocks-slider-gallery alignfull\">\r\n<div class=\"slider-gallery gallery-container hidden with-pagination multiple\">\r\n<div class=\"gallery \" role=\"list\">\r\n<div class=\"slide\" role=\"listitem\">\r\n<div class=\"figure-wrapper\">\r\n<figure><img loading=\"lazy\" decoding=\"async\" width=\"1920\" height=\"1080\" class=\"wp-image-5786\" src=\"https:\/\/www.eticalgarve.com\/files\/uploads\/2025\/10\/Sala2.jpg\" sizes=\"auto, 100vw\" alt=\"Sala de aula unity\" srcset=\"https:\/\/www.eticalgarve.com\/files\/uploads\/2025\/10\/Sala2.jpg 1920w, https:\/\/www.eticalgarve.com\/files\/uploads\/2025\/10\/Sala2-300x169.jpg 300w, https:\/\/www.eticalgarve.com\/files\/uploads\/2025\/10\/Sala2-1024x576.jpg 1024w, https:\/\/www.eticalgarve.com\/files\/uploads\/2025\/10\/Sala2-768x432.jpg 768w, https:\/\/www.eticalgarve.com\/files\/uploads\/2025\/10\/Sala2-1536x864.jpg 1536w\" \/><\/figure>\r\n<\/div><br><\/div><br><\/div><br><\/div><br><\/div>\n\n<div class=\"wp-block-kobu-custom-blocks-responsive-spacer responsive-spacer size-large\"><\/div>\n\n<div class=\"wp-block-kobu-custom-blocks-section-wrapper alignfull kobu-section has-background has-lightcolour-1-background-color\">\n<div class=\"wp-block-kobu-custom-blocks-responsive-spacer responsive-spacer size-large\"><\/div>\n\n\n\n<h2 class=\"wp-block-heading alignwide has-darkcolour-color has-text-color has-link-color has-extra-large-font-size wp-elements-51702f5d55d3d9b47bc80bf8c94b99db\">Portfolio<\/h2>\n\n\n<div class=\"container-wrapper alignfull projects-slider-block\">\n\t<div class=\"container xlarge\">\n\t\t\t\t\t\t<div class=\"slider-gallery hidden with-pagination multiple\">\n\t\t\t\t\t<ul class=\"gallery\" role=\"list\" data-slide=\"0\" tabindex=\"0\">\n\t\t\t\t\t\t<li class=\"slide\" role=\"listitem\"><figure><img width=\"640\" height=\"363\" src=\"https:\/\/www.eticalgarve.com\/files\/uploads\/2025\/09\/cCA1718-Alexandre-Correia-Arte-Digital-768x435.jpg\" class=\"\" alt=\"\" sizes=\"auto, (min-width: 993px) 33vw, (min-width: 601px) 50vw, 100vw\" loading=\"lazy\" decoding=\"async\" srcset=\"https:\/\/www.eticalgarve.com\/files\/uploads\/2025\/09\/cCA1718-Alexandre-Correia-Arte-Digital-768x435.jpg 768w, https:\/\/www.eticalgarve.com\/files\/uploads\/2025\/09\/cCA1718-Alexandre-Correia-Arte-Digital-300x170.jpg 300w, https:\/\/www.eticalgarve.com\/files\/uploads\/2025\/09\/cCA1718-Alexandre-Correia-Arte-Digital-1024x580.jpg 1024w, https:\/\/www.eticalgarve.com\/files\/uploads\/2025\/09\/cCA1718-Alexandre-Correia-Arte-Digital.jpg 1200w\" \/><\/figure><div class=\"projects-slider-title\">\n\t\t\t\t\t\t\t\t\t\t\t\t\t<a href=\"https:\/\/www.eticalgarve.com\/en\/projects\/arte-digital-concept-art\/\"><h3>Digital Art &#8211; Concept Art<\/h3><\/a>\n\t\t\t\t\t\t\t\t\t\t\t\t\t<div class=\"wp-block-button simple-button\">\n\t\t\t\t\t\t\t\t\t\t\t\t\t\t<a class=\"wp-block-button__link wp-element-button\" href=\"https:\/\/www.eticalgarve.com\/en\/projects\/arte-digital-concept-art\/\">see project<\/a>\n\t\t\t\t\t\t\t\t\t\t\t\t\t<\/div>\n\t\t\t\t\t\t\t\t\t\t\t\t<\/div><\/li><li class=\"slide\" role=\"listitem\"><figure><img width=\"640\" height=\"363\" src=\"https:\/\/www.eticalgarve.com\/files\/uploads\/2025\/09\/diogomartins_projetofinal_concept_art-768x435.jpg\" class=\"\" alt=\"\" sizes=\"auto, (min-width: 993px) 33vw, (min-width: 601px) 50vw, 100vw\" loading=\"lazy\" decoding=\"async\" srcset=\"https:\/\/www.eticalgarve.com\/files\/uploads\/2025\/09\/diogomartins_projetofinal_concept_art-768x435.jpg 768w, https:\/\/www.eticalgarve.com\/files\/uploads\/2025\/09\/diogomartins_projetofinal_concept_art-300x170.jpg 300w, https:\/\/www.eticalgarve.com\/files\/uploads\/2025\/09\/diogomartins_projetofinal_concept_art-1024x580.jpg 1024w, https:\/\/www.eticalgarve.com\/files\/uploads\/2025\/09\/diogomartins_projetofinal_concept_art.jpg 1200w\" \/><\/figure><div class=\"projects-slider-title\">\n\t\t\t\t\t\t\t\t\t\t\t\t\t<a href=\"https:\/\/www.eticalgarve.com\/en\/projects\/projeto-concept-art\/\"><h3>Concept Art Project<\/h3><\/a>\n\t\t\t\t\t\t\t\t\t\t\t\t\t<div class=\"wp-block-button simple-button\">\n\t\t\t\t\t\t\t\t\t\t\t\t\t\t<a class=\"wp-block-button__link wp-element-button\" href=\"https:\/\/www.eticalgarve.com\/en\/projects\/projeto-concept-art\/\">see project<\/a>\n\t\t\t\t\t\t\t\t\t\t\t\t\t<\/div>\n\t\t\t\t\t\t\t\t\t\t\t\t<\/div><\/li><li class=\"slide\" role=\"listitem\"><figure><img width=\"640\" height=\"363\" src=\"https:\/\/www.eticalgarve.com\/files\/uploads\/2025\/09\/carinasampaio_projetoaxios_videojogos-768x435.jpg\" class=\"\" alt=\"\" sizes=\"auto, (min-width: 993px) 33vw, (min-width: 601px) 50vw, 100vw\" loading=\"lazy\" decoding=\"async\" srcset=\"https:\/\/www.eticalgarve.com\/files\/uploads\/2025\/09\/carinasampaio_projetoaxios_videojogos-768x435.jpg 768w, https:\/\/www.eticalgarve.com\/files\/uploads\/2025\/09\/carinasampaio_projetoaxios_videojogos-300x170.jpg 300w, https:\/\/www.eticalgarve.com\/files\/uploads\/2025\/09\/carinasampaio_projetoaxios_videojogos-1024x580.jpg 1024w, https:\/\/www.eticalgarve.com\/files\/uploads\/2025\/09\/carinasampaio_projetoaxios_videojogos.jpg 1200w\" \/><\/figure><div class=\"projects-slider-title\">\n\t\t\t\t\t\t\t\t\t\t\t\t\t<a href=\"https:\/\/www.eticalgarve.com\/en\/projects\/videojogos-1618\/\"><h3>Video Games 16|18<\/h3><\/a>\n\t\t\t\t\t\t\t\t\t\t\t\t\t<div class=\"wp-block-button simple-button\">\n\t\t\t\t\t\t\t\t\t\t\t\t\t\t<a class=\"wp-block-button__link wp-element-button\" href=\"https:\/\/www.eticalgarve.com\/en\/projects\/videojogos-1618\/\">see project<\/a>\n\t\t\t\t\t\t\t\t\t\t\t\t\t<\/div>\n\t\t\t\t\t\t\t\t\t\t\t\t<\/div><\/li><li class=\"slide\" role=\"listitem\"><div class=\"youtube embed-container not-loaded youtube\"><div class=\"video-placeholder\" style=\"background-image: url(https:\/\/img.youtube.com\/vi\/dcaapWIgCkI\/maxresdefault.jpg);\"><\/div><div class=\"iframe youtube-video\" title=\"\" data-iframe-src=\"dcaapWIgCkI\" data-iframe-origin=\"https:\/\/www.eticalgarve.com\/en\/\" data-iframe-start=\"2\"><noscript><iframe loading=\"lazy\" class=\"youtube-video\" title=\"Youtube video\" width=\"640\" height=\"360\" src=\"https:\/\/www.youtube.com\/embed\/dcaapWIgCkI?start=2&#038;modestbranding=1&#038;showinfo=0&#038;rel=0&#038;enablejsapi=1&#038;origin=https:\/\/www.eticalgarve.com\/en\/\" webkitallowfullscreen mozallowfullscreen allowfullscreen> <\/iframe><\/noscript><\/div><\/div><div class=\"projects-slider-title\">\n\t\t\t\t\t\t\t\t\t\t\t\t\t<a href=\"https:\/\/www.eticalgarve.com\/en\/projects\/videojogos-projetos-1920\/\"><h3>Video Games Projects 19|20<\/h3><\/a>\n\t\t\t\t\t\t\t\t\t\t\t\t\t<div class=\"wp-block-button simple-button\">\n\t\t\t\t\t\t\t\t\t\t\t\t\t\t<a class=\"wp-block-button__link wp-element-button\" href=\"https:\/\/www.eticalgarve.com\/en\/projects\/videojogos-projetos-1920\/\">see project<\/a>\n\t\t\t\t\t\t\t\t\t\t\t\t\t<\/div>\n\t\t\t\t\t\t\t\t\t\t\t\t<\/div><\/li><li class=\"slide\" role=\"listitem\"><figure><img width=\"640\" height=\"363\" src=\"https:\/\/www.eticalgarve.com\/files\/uploads\/2025\/09\/97CA-1617-CatarinaMendonca-768x435.jpg\" class=\"\" alt=\"\" sizes=\"auto, (min-width: 993px) 33vw, (min-width: 601px) 50vw, 100vw\" loading=\"lazy\" decoding=\"async\" srcset=\"https:\/\/www.eticalgarve.com\/files\/uploads\/2025\/09\/97CA-1617-CatarinaMendonca-768x435.jpg 768w, https:\/\/www.eticalgarve.com\/files\/uploads\/2025\/09\/97CA-1617-CatarinaMendonca-300x170.jpg 300w, https:\/\/www.eticalgarve.com\/files\/uploads\/2025\/09\/97CA-1617-CatarinaMendonca-1024x580.jpg 1024w, https:\/\/www.eticalgarve.com\/files\/uploads\/2025\/09\/97CA-1617-CatarinaMendonca.jpg 1200w\" \/><\/figure><div class=\"projects-slider-title\">\n\t\t\t\t\t\t\t\t\t\t\t\t\t<a href=\"https:\/\/www.eticalgarve.com\/en\/projects\/3d-concept-art\/\"><h3>3D &#8211; Concept Art<\/h3><\/a>\n\t\t\t\t\t\t\t\t\t\t\t\t\t<div class=\"wp-block-button simple-button\">\n\t\t\t\t\t\t\t\t\t\t\t\t\t\t<a class=\"wp-block-button__link wp-element-button\" href=\"https:\/\/www.eticalgarve.com\/en\/projects\/3d-concept-art\/\">see project<\/a>\n\t\t\t\t\t\t\t\t\t\t\t\t\t<\/div>\n\t\t\t\t\t\t\t\t\t\t\t\t<\/div><\/li>\t\t\t\t\t<\/ul>\n\t\t\t\t<\/div>\n\t\t\t\t<\/div>\n<\/div>\n\n\n<div class=\"wp-block-kobu-custom-blocks-responsive-spacer responsive-spacer size-large\"><\/div>\n<\/div>\n\n<p><\/p>\n","protected":false},"excerpt":{"rendered":"<p>Turn your passion for games into a career in gaming Courses Facilities Equipments<\/p>\n","protected":false},"author":6,"featured_media":5585,"parent":1490,"menu_order":0,"comment_status":"closed","ping_status":"closed","template":"templates\/training-area.php","meta":{"_acf_changed":false,"inline_featured_image":false,"footnotes":""},"class_list":["post-10360","page","type-page","status-publish","has-post-thumbnail","hentry"],"acf":[],"_links":{"self":[{"href":"https:\/\/www.eticalgarve.com\/en\/wp-json\/wp\/v2\/pages\/10360","targetHints":{"allow":["GET"]}}],"collection":[{"href":"https:\/\/www.eticalgarve.com\/en\/wp-json\/wp\/v2\/pages"}],"about":[{"href":"https:\/\/www.eticalgarve.com\/en\/wp-json\/wp\/v2\/types\/page"}],"author":[{"embeddable":true,"href":"https:\/\/www.eticalgarve.com\/en\/wp-json\/wp\/v2\/users\/6"}],"replies":[{"embeddable":true,"href":"https:\/\/www.eticalgarve.com\/en\/wp-json\/wp\/v2\/comments?post=10360"}],"version-history":[{"count":5,"href":"https:\/\/www.eticalgarve.com\/en\/wp-json\/wp\/v2\/pages\/10360\/revisions"}],"predecessor-version":[{"id":11779,"href":"https:\/\/www.eticalgarve.com\/en\/wp-json\/wp\/v2\/pages\/10360\/revisions\/11779"}],"up":[{"embeddable":true,"href":"https:\/\/www.eticalgarve.com\/en\/wp-json\/wp\/v2\/pages\/1490"}],"wp:featuredmedia":[{"embeddable":true,"href":"https:\/\/www.eticalgarve.com\/en\/wp-json\/wp\/v2\/media\/5585"}],"wp:attachment":[{"href":"https:\/\/www.eticalgarve.com\/en\/wp-json\/wp\/v2\/media?parent=10360"}],"curies":[{"name":"wp","href":"https:\/\/api.w.org\/{rel}","templated":true}]}}