{"id":10368,"date":"2025-10-03T10:46:23","date_gmt":"2025-10-03T10:46:23","guid":{"rendered":"https:\/\/www.eticalgarve.com\/training-areas\/programming\/"},"modified":"2026-01-08T12:35:51","modified_gmt":"2026-01-08T12:35:51","slug":"programming","status":"publish","type":"page","link":"https:\/\/www.eticalgarve.com\/en\/training-areas\/programming\/","title":{"rendered":"Programming"},"content":{"rendered":"\n<h2 class=\"wp-block-heading alignwide heading-2 has-extra-large-font-size\">Turn ideas into code and create innovative digital solutions<\/h2>\n\n<div class=\"wp-block-kobu-custom-blocks-inner-content-img alignfull media-content-group child-item align-right valign-start img-last\"><div class=\"content-col\"><div class=\"content-col-wrapper\">\n<p class=\"has-small-font-size\">In the <strong>Programming Area at ETIC_Algarve<\/strong>, you will learn to <strong>master the languages and tools<\/strong> that are <strong>shaping the digital future<\/strong>. Here you will gain the <strong>skills you need<\/strong> to <strong>develop complete web applications<\/strong>, from <strong>frontend and backend<\/strong> to <strong>cloud infrastructure.<\/strong><\/p>\n\n\n\n<p class=\"has-small-font-size\">The <strong>Technical Course in Web Programming<\/strong> prepares you to respond to <strong>the high demand for professionals in the IT field<\/strong>, combining <strong>creativity and technology<\/strong>. You will learn to work with <strong>HTML<\/strong>, <strong>CSS<\/strong>, <strong>JavaScript<\/strong>, <strong>Python<\/strong>, <strong>GitHub<\/strong>, and <strong>Docker<\/strong>, applying everything you learn to the creation of <strong>practical projects<\/strong> that challenge you to <strong>build interactive and functional apps<\/strong>.<\/p>\n\n\n\n<p class=\"has-small-font-size\">Studying <strong>Programming at ETIC_Algarve<\/strong> means being in contact with <strong>current methodologies,<\/strong> <strong>trainers linked to the sector<\/strong> and <strong>real projects<\/strong> that prepare you for a <strong>solid career in the technological world.<\/strong><\/p>\n<\/div><\/div><div class=\"media-col\"><figure><img loading=\"lazy\" decoding=\"async\" width=\"2560\" height=\"1707\" class=\"wp-image-6473\" src=\"https:\/\/www.eticalgarve.com\/files\/uploads\/2025\/10\/FOTOS-2024.10.03-Programacao-Jorge-Alves-PW2426-scaled.jpg\" alt=\"Aula de programa\u00e7\u00e3o \" title=\"FOTOS - 2024.10.03 - Programac\u0327a\u0303o - Jorge Alves - PW2426\" sizes=\"auto, (min-width: 601px) 50vw, 100vw\" srcset=\"https:\/\/www.eticalgarve.com\/files\/uploads\/2025\/10\/FOTOS-2024.10.03-Programacao-Jorge-Alves-PW2426-scaled.jpg 2560w, https:\/\/www.eticalgarve.com\/files\/uploads\/2025\/10\/FOTOS-2024.10.03-Programacao-Jorge-Alves-PW2426-300x200.jpg 300w, https:\/\/www.eticalgarve.com\/files\/uploads\/2025\/10\/FOTOS-2024.10.03-Programacao-Jorge-Alves-PW2426-1024x683.jpg 1024w, https:\/\/www.eticalgarve.com\/files\/uploads\/2025\/10\/FOTOS-2024.10.03-Programacao-Jorge-Alves-PW2426-768x512.jpg 768w, https:\/\/www.eticalgarve.com\/files\/uploads\/2025\/10\/FOTOS-2024.10.03-Programacao-Jorge-Alves-PW2426-1536x1024.jpg 1536w, https:\/\/www.eticalgarve.com\/files\/uploads\/2025\/10\/FOTOS-2024.10.03-Programacao-Jorge-Alves-PW2426-2048x1365.jpg 2048w\" \/><\/figure><\/div><\/div>\n\n<div class=\"wp-block-kobu-custom-blocks-responsive-spacer responsive-spacer size-large\"><\/div>\n\n<h2 class=\"wp-block-heading alignwide has-extra-large-font-size\">Courses<\/h2>\n<div class=\"container-wrapper alignfull courses-list-block\">\n\t<div class=\"container xlarge\">\n\t\t\t\t\t<ul class=\"articles-list\">\n\t\t\t\t\n<li class=\"article course-card \">\n\t\t\t<a href=\"https:\/\/www.eticalgarve.com\/en\/courses\/web-development-course\/\">\n\t\t\t<div class=\"course-card-img\">\n\t\t\t\t\t\t\t\t\t\t\t\t\t<div class=\"fixed-ratio-img\">\n\t\t\t\t\t\t<noscript class=\"loading-lazy\">\n\t\t\t\t\t\t\t<img loading=\"lazy\" decoding=\"async\" width=\"640\" height=\"694\" src=\"https:\/\/www.eticalgarve.com\/files\/uploads\/2025\/08\/1-curso-2-anos-programacao-768x833.webp\" class=\"coverimg\" alt=\"Curso Programa\u00e7\u00e3o\" sizes=\"auto, (min-width: 993px) 33vw, (min-width: 601px) 50vw, 100vw\" srcset=\"https:\/\/www.eticalgarve.com\/files\/uploads\/2025\/08\/1-curso-2-anos-programacao-768x833.webp 768w, https:\/\/www.eticalgarve.com\/files\/uploads\/2025\/08\/1-curso-2-anos-programacao-277x300.webp 277w, https:\/\/www.eticalgarve.com\/files\/uploads\/2025\/08\/1-curso-2-anos-programacao-944x1024.webp 944w, https:\/\/www.eticalgarve.com\/files\/uploads\/2025\/08\/1-curso-2-anos-programacao.webp 1180w\" \/>\t\t\t\t\t\t<\/noscript>\n\t\t\t\t\t<\/div>\n\t\t\t\t\t\t\t<\/div>\n\t\t<\/a>\n\t\n\t<div class=\"course-card-info\">\n\t\t<a href=\"https:\/\/www.eticalgarve.com\/en\/courses\/web-development-course\/\">\n\t\t\t<h2>Web Programming Course<\/h2>\n\t\t<\/a>\n\t\t<div class=\"wp-block-button simple-button\">\n\t\t\t<a class=\"wp-block-button__link wp-element-button\" href=\"https:\/\/www.eticalgarve.com\/en\/courses\/web-development-course\/\">learn more \u2192<\/a>\n\t\t<\/div>\n\t\t<div class=\"categories-group\">\n\t\t\t\t\t\t<ul class=\"categories list\"><li><a class=\"tag\" href=\"https:\/\/www.eticalgarve.com\/en\/courses-etic-algarve\/?area-de-formacao=programming\">Programming<\/a><\/li><\/ul>\t\t\t<ul class=\"categories list\"><li><a class=\"tag\" href=\"https:\/\/www.eticalgarve.com\/en\/courses-etic-algarve\/?tipo-de-curso=2-year-technical-courses\">2-year<\/a><\/li><\/ul>\t\t\t\t\t\t\t<ul class=\"categories\"><li><span>September to July<\/span><\/li><\/ul>\n\t\t\t\t\t\t<ul class=\"categories list\"><li><span>After Work Hours<\/span><\/li><\/ul>\t\t<\/div>\n\t<\/div>\n<\/li>\n<li class=\"article course-card \">\n\t\t\t<a href=\"https:\/\/www.eticalgarve.com\/en\/courses\/introduction-to-javascript-after-work\/\">\n\t\t\t<div class=\"course-card-img\">\n\t\t\t\t\t\t\t\t\t\t\t\t\t<div class=\"fixed-ratio-img\">\n\t\t\t\t\t\t<noscript class=\"loading-lazy\">\n\t\t\t\t\t\t\t<img loading=\"lazy\" decoding=\"async\" width=\"640\" height=\"694\" src=\"https:\/\/www.eticalgarve.com\/files\/uploads\/2025\/10\/cursos-curtos-introducao-javascript-768x833.webp\" class=\"coverimg\" alt=\"\" sizes=\"auto, (min-width: 993px) 33vw, (min-width: 601px) 50vw, 100vw\" srcset=\"https:\/\/www.eticalgarve.com\/files\/uploads\/2025\/10\/cursos-curtos-introducao-javascript-768x833.webp 768w, https:\/\/www.eticalgarve.com\/files\/uploads\/2025\/10\/cursos-curtos-introducao-javascript-277x300.webp 277w, https:\/\/www.eticalgarve.com\/files\/uploads\/2025\/10\/cursos-curtos-introducao-javascript-944x1024.webp 944w, https:\/\/www.eticalgarve.com\/files\/uploads\/2025\/10\/cursos-curtos-introducao-javascript.webp 1180w\" \/>\t\t\t\t\t\t<\/noscript>\n\t\t\t\t\t<\/div>\n\t\t\t\t\t\t\t<\/div>\n\t\t<\/a>\n\t\n\t<div class=\"course-card-info\">\n\t\t<a href=\"https:\/\/www.eticalgarve.com\/en\/courses\/introduction-to-javascript-after-work\/\">\n\t\t\t<h2>Introduction to JavaScript (After Work)<\/h2>\n\t\t<\/a>\n\t\t<div class=\"wp-block-button simple-button\">\n\t\t\t<a class=\"wp-block-button__link wp-element-button\" href=\"https:\/\/www.eticalgarve.com\/en\/courses\/introduction-to-javascript-after-work\/\">learn more \u2192<\/a>\n\t\t<\/div>\n\t\t<div class=\"categories-group\">\n\t\t\t\t\t\t<ul class=\"categories list\"><li><a class=\"tag\" href=\"https:\/\/www.eticalgarve.com\/en\/courses-etic-algarve\/?area-de-formacao=programming\">Programming<\/a><\/li><\/ul>\t\t\t<ul class=\"categories list\"><li><a class=\"tag\" href=\"https:\/\/www.eticalgarve.com\/en\/courses-etic-algarve\/?tipo-de-curso=short-courses\">Short Courses<\/a><\/li><\/ul>\t\t\t\t\t\t<ul class=\"categories list\"><li><span>After Work Hours<\/span><\/li><\/ul>\t\t<\/div>\n\t<\/div>\n<\/li>\n<li class=\"article course-card \">\n\t\t\t<a href=\"https:\/\/www.eticalgarve.com\/en\/courses\/introduction-python-short-course\/\">\n\t\t\t<div class=\"course-card-img\">\n\t\t\t\t\t\t\t\t\t\t\t\t\t<div class=\"fixed-ratio-img\">\n\t\t\t\t\t\t<noscript class=\"loading-lazy\">\n\t\t\t\t\t\t\t<img loading=\"lazy\" decoding=\"async\" width=\"640\" height=\"694\" src=\"https:\/\/www.eticalgarve.com\/files\/uploads\/2025\/10\/cursos-curtos-introducao-python-768x833.webp\" class=\"coverimg\" alt=\"\" sizes=\"auto, (min-width: 993px) 33vw, (min-width: 601px) 50vw, 100vw\" srcset=\"https:\/\/www.eticalgarve.com\/files\/uploads\/2025\/10\/cursos-curtos-introducao-python-768x833.webp 768w, https:\/\/www.eticalgarve.com\/files\/uploads\/2025\/10\/cursos-curtos-introducao-python-277x300.webp 277w, https:\/\/www.eticalgarve.com\/files\/uploads\/2025\/10\/cursos-curtos-introducao-python-944x1024.webp 944w, https:\/\/www.eticalgarve.com\/files\/uploads\/2025\/10\/cursos-curtos-introducao-python.webp 1180w\" \/>\t\t\t\t\t\t<\/noscript>\n\t\t\t\t\t<\/div>\n\t\t\t\t\t\t\t<\/div>\n\t\t<\/a>\n\t\n\t<div class=\"course-card-info\">\n\t\t<a href=\"https:\/\/www.eticalgarve.com\/en\/courses\/introduction-python-short-course\/\">\n\t\t\t<h2>Introduction to Python (After Work)<\/h2>\n\t\t<\/a>\n\t\t<div class=\"wp-block-button simple-button\">\n\t\t\t<a class=\"wp-block-button__link wp-element-button\" href=\"https:\/\/www.eticalgarve.com\/en\/courses\/introduction-python-short-course\/\">learn more \u2192<\/a>\n\t\t<\/div>\n\t\t<div class=\"categories-group\">\n\t\t\t\t\t\t<ul class=\"categories list\"><li><a class=\"tag\" href=\"https:\/\/www.eticalgarve.com\/en\/courses-etic-algarve\/?area-de-formacao=programming\">Programming<\/a><\/li><\/ul>\t\t\t<ul class=\"categories list\"><li><a class=\"tag\" href=\"https:\/\/www.eticalgarve.com\/en\/courses-etic-algarve\/?tipo-de-curso=short-courses\">Short Courses<\/a><\/li><\/ul>\t\t\t\t\t\t<ul class=\"categories list\"><li><span>After Work Hours<\/span><\/li><\/ul>\t\t<\/div>\n\t<\/div>\n<\/li>\t\t\t<\/ul>\n\t\t\t<\/div>\n<\/div>\n<div class=\"wp-block-kobu-custom-blocks-responsive-spacer responsive-spacer size-large\"><\/div>\n\n<h2 class=\"wp-block-heading alignwide heading-3 has-extra-large-font-size\">Facilities<\/h2>\n\n<div class=\"wp-block-kobu-custom-blocks-inner-content-img alignfull media-content-group child-item align-right valign-start img-last align-right-with-img\"><div class=\"content-col\"><div class=\"content-col-wrapper\">\n<p class=\"font-secondary has-medium-small-font-size\"><em>Modern classrooms and comprehensive resources for unlimited programming<\/em><\/p>\n\n\n\n<div class=\"wp-block-kobu-custom-blocks-responsive-spacer responsive-spacer size-custom\" style=\"height: 40px;\" data-small=\"40\" data-medium=\"40\" data-large=\"40\"><\/div>\n\n\n\n<p class=\"has-small-font-size\">In the <strong>Programming Area<\/strong>, learning takes place in <strong>modern classrooms equipped with high-performance computers and industry-standard software<\/strong>, ensuring <strong>individual practice from day one.<\/strong><\/p>\n\n\n\n<p class=\"has-small-font-size\">These <strong>resources<\/strong> allow you to <strong>work in real production conditions,<\/strong> developing <strong>websites, apps and complete digital solutions<\/strong>, and preparing you to <strong>enter the technology sector with confidence and practical experience.<\/strong><\/p>\n\n\n\n<div class=\"wp-block-kobu-custom-blocks-responsive-spacer responsive-spacer size-small\"><\/div>\n<\/div><\/div><div class=\"media-col\"><figure><img loading=\"lazy\" decoding=\"async\" width=\"1920\" height=\"1080\" class=\"wp-image-5709\" src=\"https:\/\/www.eticalgarve.com\/files\/uploads\/2025\/10\/espacos_sala_02.webp\" alt=\"Sala de aula\" title=\"espacos_sala_02\" sizes=\"auto, (min-width: 601px) 50vw, 100vw\" srcset=\"https:\/\/www.eticalgarve.com\/files\/uploads\/2025\/10\/espacos_sala_02.webp 1920w, https:\/\/www.eticalgarve.com\/files\/uploads\/2025\/10\/espacos_sala_02-300x169.webp 300w, https:\/\/www.eticalgarve.com\/files\/uploads\/2025\/10\/espacos_sala_02-1024x576.webp 1024w, https:\/\/www.eticalgarve.com\/files\/uploads\/2025\/10\/espacos_sala_02-768x432.webp 768w, https:\/\/www.eticalgarve.com\/files\/uploads\/2025\/10\/espacos_sala_02-1536x864.webp 1536w\" \/><\/figure><\/div><\/div>\n\n<div class=\"wp-block-kobu-custom-blocks-responsive-spacer responsive-spacer size-large\"><\/div>\n\n<div class=\"wp-block-kobu-custom-blocks-section-wrapper alignfull kobu-section has-background has-lightcolour-1-background-color\">\n<div class=\"wp-block-kobu-custom-blocks-responsive-spacer responsive-spacer size-large\"><\/div>\n\n\n\n<h2 class=\"wp-block-heading alignwide has-darkcolour-color has-text-color has-link-color has-extra-large-font-size wp-elements-51702f5d55d3d9b47bc80bf8c94b99db\">Portfolio<\/h2>\n\n\n<div class=\"container-wrapper alignfull projects-slider-block\">\n\t<div class=\"container xlarge\">\n\t\t\t\t\t\t<div class=\"slider-gallery hidden with-pagination multiple\">\n\t\t\t\t\t<ul class=\"gallery\" role=\"list\" data-slide=\"0\" tabindex=\"0\">\n\t\t\t\t\t\t<li class=\"slide\" role=\"listitem\"><figure><img width=\"640\" height=\"363\" src=\"https:\/\/www.eticalgarve.com\/files\/uploads\/2025\/09\/danielcustodio1_projetofinal_web_development-768x435.jpg\" class=\"\" alt=\"\" sizes=\"auto, (min-width: 993px) 33vw, (min-width: 601px) 50vw, 100vw\" loading=\"lazy\" decoding=\"async\" srcset=\"https:\/\/www.eticalgarve.com\/files\/uploads\/2025\/09\/danielcustodio1_projetofinal_web_development-768x435.jpg 768w, https:\/\/www.eticalgarve.com\/files\/uploads\/2025\/09\/danielcustodio1_projetofinal_web_development-300x170.jpg 300w, https:\/\/www.eticalgarve.com\/files\/uploads\/2025\/09\/danielcustodio1_projetofinal_web_development-1024x580.jpg 1024w, https:\/\/www.eticalgarve.com\/files\/uploads\/2025\/09\/danielcustodio1_projetofinal_web_development.jpg 1200w\" \/><\/figure><div class=\"projects-slider-title\">\n\t\t\t\t\t\t\t\t\t\t\t\t\t<a href=\"https:\/\/www.eticalgarve.com\/en\/projects\/programacao-web\/\"><h3>Web Programming<\/h3><\/a>\n\t\t\t\t\t\t\t\t\t\t\t\t\t<div class=\"wp-block-button simple-button\">\n\t\t\t\t\t\t\t\t\t\t\t\t\t\t<a class=\"wp-block-button__link wp-element-button\" href=\"https:\/\/www.eticalgarve.com\/en\/projects\/programacao-web\/\">see project<\/a>\n\t\t\t\t\t\t\t\t\t\t\t\t\t<\/div>\n\t\t\t\t\t\t\t\t\t\t\t\t<\/div><\/li>\t\t\t\t\t<\/ul>\n\t\t\t\t<\/div>\n\t\t\t\t<\/div>\n<\/div>\n\n\n<div class=\"wp-block-kobu-custom-blocks-responsive-spacer responsive-spacer size-large\"><\/div>\n<\/div>\n\n<div class=\"wp-block-kobu-custom-blocks-section-wrapper alignfull kobu-section has-background has-lightcolour-2-background-color\">\n<div class=\"wp-block-kobu-custom-blocks-responsive-spacer responsive-spacer size-large\"><\/div>\n\n\n\n<h2 class=\"wp-block-heading alignfull heading-font-base hidden-title has-darkcolour-color has-text-color has-link-color has-medium-font-size wp-elements-eeba39a1153e0c2295d1df53ba27aeae\">Testimonials<\/h2>\n\n\n<div class=\"container-wrapper alignfull testimonials-slider-block\">\n\t<div class=\"container xlarge\">\n\t\t\t\t\t<div class=\"slider-gallery hidden multiple\">\n\t\t\t\t<ul class=\"gallery\" role=\"list\" data-slide=\"0\" tabindex=\"0\">\n\t\t\t\t\t\t\t\t\t\t\t<li class=\"slide\" role=\"listitem\">\n\t\t\t\t\t\t\t<div class=\"testimonials-slider-card\">\n\t\t\t\t\t\t\t\t<div class=\"author-wrapper\">\n\t\t\t\t\t\t\t\t\t<h3>Ang\u00e9lica Castro, Human Resources Director at Dengun, a startup studio and digital agency<\/h3>\n\n\t\t\t\t\t\t\t\t\t\t\t\t\t\t\t\t\t\t\t<img loading=\"lazy\" decoding=\"async\" width=\"300\" height=\"300\" src=\"https:\/\/www.eticalgarve.com\/files\/uploads\/2025\/09\/logo_dengun.webp\" class=\"\" alt=\"\" sizes=\"auto, 100vw\" srcset=\"https:\/\/www.eticalgarve.com\/files\/uploads\/2025\/09\/logo_dengun.webp 300w, https:\/\/www.eticalgarve.com\/files\/uploads\/2025\/09\/logo_dengun-150x150.webp 150w\" \/>\t\t\t\t\t\t\t\t\t\t\t\t\t\t\t\t\t<\/div>\n\n\t\t\t\t\t\t\t\t<div class=\"testimonials-slider-card-text\">\n\t\t\t\t\t\t\t\t\t\t\t\t\t\t\t\t\t\t\t<div class=\"accordion\">\n\t\t\t\t\t\t\t\t\t\t\t<div class=\"accordion-wrapper\">\n\t\t\t\t\t\t\t\t\t\t\t\t<dl class=\"accordion-inner-wrapper\">\n\t\t\t\t\t\t\t\t\t\t\t\t\t<dd class=\"accordion-panel wrapper\">\n\t\t\t\t\t\t\t\t\t\t\t\t\t\t<div class=\"accordion-content\">\n\t\t\t\t\t\t\t\t\t\t\t\t\t\t\t\n<p class=\"font-secondary has-medium-small-font-size\">It is very important that we give space to new talent, but it is not only they who learn, receiving interns allows us to have a growth experience on both sides. While the intern gains experience, our seniors are asked to &#8220;think outside the box&#8221; and stay up to date.<\/p>\n\n<p class=\"font-secondary has-medium-small-font-size\">Qualities we most recognize in ETIC_Algarve interns are commitment and dedication.<\/p>\n\n<p class=\"font-secondary has-medium-small-font-size\">ETIC_Algarve has had an impact on technical training in the south of the country, an excellent reference in our region.<\/p>\n\t\t\t\t\t\t\t\t\t\t\t\t\t\t<\/div>\n\t\t\t\t\t\t\t\t\t\t\t\t\t<\/dd>\n\t\t\t\t\t\t\t\t\t\t\t\t\t<button class=\"accordion-trigger\" type=\"button\"><span class=\"see-more\">see more<\/span><span class=\"see-less\">see less<\/span> <span class=\"sr-only\">Toggle Accordion<\/span><\/button>\n\t\t\t\t\t\t\t\t\t\t\t\t<\/dl>\n\t\t\t\t\t\t\t\t\t\t\t<\/div>\n\t\t\t\t\t\t\t\t\t\t<\/div>\n\t\t\t\t\t\t\t\t\t\t\t\t\t\t\t\t\t<\/div>\n\t\t\t\t\t\t\t<\/div>\n\t\t\t\t\t\t<\/li>\n\t\t\t\t\t\t\t\t\t\t\t<li class=\"slide\" role=\"listitem\">\n\t\t\t\t\t\t\t<div class=\"testimonials-slider-card\">\n\t\t\t\t\t\t\t\t<div class=\"author-wrapper\">\n\t\t\t\t\t\t\t\t\t<h3>Mauro Ramos, Trainee of the Web Programming Course 23|25<\/h3>\n\n\t\t\t\t\t\t\t\t\t\t\t\t\t\t\t\t\t\t\t<img loading=\"lazy\" decoding=\"async\" width=\"500\" height=\"500\" src=\"https:\/\/www.eticalgarve.com\/files\/uploads\/2025\/08\/mauro_ramos.webp\" class=\"\" alt=\"Mauro Ramos Formando Curso T\u00e9cnico Programa\u00e7\u00e3o Web\" sizes=\"auto, 100vw\" srcset=\"https:\/\/www.eticalgarve.com\/files\/uploads\/2025\/08\/mauro_ramos.webp 500w, https:\/\/www.eticalgarve.com\/files\/uploads\/2025\/08\/mauro_ramos-300x300.webp 300w, https:\/\/www.eticalgarve.com\/files\/uploads\/2025\/08\/mauro_ramos-150x150.webp 150w\" \/>\t\t\t\t\t\t\t\t\t\t\t\t\t\t\t\t\t<\/div>\n\n\t\t\t\t\t\t\t\t<div class=\"testimonials-slider-card-text\">\n\t\t\t\t\t\t\t\t\t\t\t\t\t\t\t\t\t\t\t<div class=\"accordion\">\n\t\t\t\t\t\t\t\t\t\t\t<div class=\"accordion-wrapper\">\n\t\t\t\t\t\t\t\t\t\t\t\t<dl class=\"accordion-inner-wrapper\">\n\t\t\t\t\t\t\t\t\t\t\t\t\t<dd class=\"accordion-panel wrapper\">\n\t\t\t\t\t\t\t\t\t\t\t\t\t\t<div class=\"accordion-content\">\n\t\t\t\t\t\t\t\t\t\t\t\t\t\t\t\n<p class=\"font-secondary has-medium-small-font-size\">During my journey, one of the most remarkable experiences was direct contact with active professionals in the field. From the beginning, we felt we were entering an environment where the real job market is present.<br\/><br\/>The trainers are professionals in the field, which made the classes practical and up-to-date with current market challenges. This helped me understand what work outside the classroom is like, where we were being prepared to face the professional world.<br\/><br\/>We had the opportunity to observe real work, from websites in development to client projects with deadlines, which helped me get a sense of the pace and organization to know how to work as a team. More than a course, this is the starting point for a career, surrounded by those already there, available to share experience and guide us on the right path.<\/p>\n\n<p class=\"font-secondary has-medium-plus-font-size\"><\/p>\n\t\t\t\t\t\t\t\t\t\t\t\t\t\t<\/div>\n\t\t\t\t\t\t\t\t\t\t\t\t\t<\/dd>\n\t\t\t\t\t\t\t\t\t\t\t\t\t<button class=\"accordion-trigger\" type=\"button\"><span class=\"see-more\">see more<\/span><span class=\"see-less\">see less<\/span> <span class=\"sr-only\">Toggle Accordion<\/span><\/button>\n\t\t\t\t\t\t\t\t\t\t\t\t<\/dl>\n\t\t\t\t\t\t\t\t\t\t\t<\/div>\n\t\t\t\t\t\t\t\t\t\t<\/div>\n\t\t\t\t\t\t\t\t\t\t\t\t\t\t\t\t\t<\/div>\n\t\t\t\t\t\t\t<\/div>\n\t\t\t\t\t\t<\/li>\n\t\t\t\t\t\t\t\t\t<\/ul>\n\t\t\t<\/div>\n\t\t\t<\/div>\n<\/div>\n\n\n<div class=\"wp-block-kobu-custom-blocks-responsive-spacer responsive-spacer size-large\"><\/div>\n<\/div>\n","protected":false},"excerpt":{"rendered":"<p>Turn ideas into code and create innovative digital solutions Courses Facilities<\/p>\n","protected":false},"author":6,"featured_media":5580,"parent":1490,"menu_order":0,"comment_status":"closed","ping_status":"closed","template":"templates\/training-area.php","meta":{"_acf_changed":false,"inline_featured_image":false,"footnotes":""},"class_list":["post-10368","page","type-page","status-publish","has-post-thumbnail","hentry"],"acf":[],"_links":{"self":[{"href":"https:\/\/www.eticalgarve.com\/en\/wp-json\/wp\/v2\/pages\/10368","targetHints":{"allow":["GET"]}}],"collection":[{"href":"https:\/\/www.eticalgarve.com\/en\/wp-json\/wp\/v2\/pages"}],"about":[{"href":"https:\/\/www.eticalgarve.com\/en\/wp-json\/wp\/v2\/types\/page"}],"author":[{"embeddable":true,"href":"https:\/\/www.eticalgarve.com\/en\/wp-json\/wp\/v2\/users\/6"}],"replies":[{"embeddable":true,"href":"https:\/\/www.eticalgarve.com\/en\/wp-json\/wp\/v2\/comments?post=10368"}],"version-history":[{"count":3,"href":"https:\/\/www.eticalgarve.com\/en\/wp-json\/wp\/v2\/pages\/10368\/revisions"}],"predecessor-version":[{"id":10391,"href":"https:\/\/www.eticalgarve.com\/en\/wp-json\/wp\/v2\/pages\/10368\/revisions\/10391"}],"up":[{"embeddable":true,"href":"https:\/\/www.eticalgarve.com\/en\/wp-json\/wp\/v2\/pages\/1490"}],"wp:featuredmedia":[{"embeddable":true,"href":"https:\/\/www.eticalgarve.com\/en\/wp-json\/wp\/v2\/media\/5580"}],"wp:attachment":[{"href":"https:\/\/www.eticalgarve.com\/en\/wp-json\/wp\/v2\/media?parent=10368"}],"curies":[{"name":"wp","href":"https:\/\/api.w.org\/{rel}","templated":true}]}}