{"id":1955,"date":"2025-07-17T14:37:02","date_gmt":"2025-07-17T14:37:02","guid":{"rendered":"https:\/\/www.eticalgarve.com\/advantages\/"},"modified":"2026-01-23T17:17:34","modified_gmt":"2026-01-23T17:17:34","slug":"advantages","status":"publish","type":"page","link":"https:\/\/www.eticalgarve.com\/en\/advantages\/","title":{"rendered":"Advantages"},"content":{"rendered":"\n<div class=\"wp-block-kobu-custom-blocks-section-wrapper alignfull kobu-section has-background has-lightcolour-2-background-color\">\n<div class=\"wp-block-kobu-custom-blocks-responsive-spacer responsive-spacer size-custom\" style=\"height: 40px;\" data-small=\"40\" data-medium=\"40\" data-large=\"40\"><\/div>\n\n\n\n<div class=\"wp-block-group alignfull grid-with-border is-layout-grid wp-container-core-group-is-layout-6be84c55 wp-block-group-is-layout-grid\">\n<div class=\"wp-block-group is-layout-constrained wp-block-group-is-layout-constrained\">\n<h2 class=\"wp-block-heading has-darkcolour-color has-text-color has-link-color has-medium-plus-font-size wp-elements-897f26c6699b48c8e7f1337c4d630c71\">Erasmus+ Internships<\/h2>\n\n\n\n<p class=\"has-darkcolour-color has-text-color has-link-color wp-elements-791d809390c703f75294e81ea8eec875\">At <strong>ETIC_Algarve <\/strong>trainees have the opportunity to gain <strong>international experience<\/strong> through <strong>Erasmus+ internships<\/strong>. This is a <strong>unique advantage <\/strong>that allows them to <strong>apply their technical training in real contexts in Europe, develop personal<\/strong> and professional skills, and <strong>enrich their portfolio with a global dimension.<\/strong><\/p>\n\n\n\n<div class=\"wp-block-buttons is-layout-flex wp-block-buttons-is-layout-flex\">\n<div class=\"wp-block-button simple-button is-style-fill\"><a class=\"wp-block-button__link wp-element-button\" href=\"https:\/\/www.eticalgarve.com\/en\/advantages\/erasmus\/\">Discover Erasmus+ \u2192<\/a><\/div>\n<\/div>\n<\/div>\n\n\n\n<div class=\"wp-block-group wp-container-content-2155ee95 is-layout-constrained wp-block-group-is-layout-constrained\">\n<h2 class=\"wp-block-heading has-darkcolour-color has-text-color has-link-color has-medium-plus-font-size wp-elements-d25926a83fd11947223cce19382e5b08\">Training Grant<\/h2>\n\n\n\n<p class=\"has-darkcolour-color has-text-color has-link-color wp-elements-afd3763edab16a5979f773381f9c58bc\">The <strong>ETIC_Algarve Training Grant<\/strong> is a <strong>unique advantage<\/strong> for those who wish to attend our <strong>Technical Courses<\/strong> and face <strong>financial barriers<\/strong>. This <strong>support<\/strong> facilitates access to <strong>technical, practical<\/strong>, <strong>creative and professional training<\/strong>, promoting <strong>equal opportunities<\/strong> and encouraging <strong>talent and imagination<\/strong>.<\/p>\n\n\n\n<div class=\"wp-block-buttons is-layout-flex wp-block-buttons-is-layout-flex\">\n<div class=\"wp-block-button simple-button is-style-fill\"><a class=\"wp-block-button__link wp-element-button\" href=\"https:\/\/www.eticalgarve.com\/en\/advantages\/support-for-the-trainee\/training-grant\/\">Learn more about the Training Grant -&gt;<\/a><\/div>\n<\/div>\n<\/div>\n\n\n\n<div class=\"wp-block-group is-layout-constrained wp-block-group-is-layout-constrained\">\n<h2 class=\"wp-block-heading has-darkcolour-color has-text-color has-link-color has-medium-plus-font-size wp-elements-28c78214e458fb70bfac78b300bd5c37\">Lu\u00eds Lobato Grant<\/h2>\n\n\n\n<p class=\"has-darkcolour-color has-text-color has-link-color wp-elements-fedb1b5c598341a3446271f595d3c44c\">The <strong>Lu\u00eds Lobato Grant from ETIC_Algarve<\/strong> is awarded <strong>annually<\/strong> to students enrolled in <strong>technical courses<\/strong> who stand out for their <strong>dedication, commitment, and academic merit<\/strong>. It corresponds to a <strong>50% discount on the second year&#8217;s fees<\/strong> and may be awarded to <strong>one or more students<\/strong>, recognising the <strong>effort<\/strong> and <strong>excellence <\/strong>demonstrated in the <strong>first year of the course.<\/strong><\/p>\n\n\n\n<div class=\"wp-block-buttons is-layout-flex wp-block-buttons-is-layout-flex\">\n<div class=\"wp-block-button simple-button is-style-fill\"><a class=\"wp-block-button__link wp-element-button\" href=\"https:\/\/www.eticalgarve.com\/en\/advantages\/support-for-the-trainee\/luis-lobato-grant\/\">Find out more about the Lu\u00eds Lobato Grant -&gt;<\/a><\/div>\n<\/div>\n<\/div>\n\n\n\n<div class=\"wp-block-group is-layout-constrained wp-block-group-is-layout-constrained\">\n<h2 class=\"wp-block-heading has-darkcolour-color has-text-color has-link-color has-medium-plus-font-size wp-elements-18fa12ab7f85fca4e68c6d61042bb0ff\">Training Areas<\/h2>\n\n\n\n<p class=\"has-darkcolour-color has-text-color has-link-color wp-elements-e7f639504821ebcdecafc2c39802e056\">Explore the <strong>Training Areas at ETIC_Algarve<\/strong> and discover <strong>courses designed to transform your future<\/strong>. In the areas of <strong>Animation and Video Games, Design, Photography, Marketing and Communication, Programming, Sound and Music, and Video<\/strong>. Choose between <strong>1 or 2-year Technical Courses,<\/strong> or <strong>upgrade your training<\/strong> with <strong>Specialisation Courses<\/strong>. Begin your <strong>creative and professional journey<\/strong> with <strong>technical, practical, up-to-date and certified training.<\/strong><\/p>\n\n\n\n<div class=\"wp-block-buttons is-layout-flex wp-block-buttons-is-layout-flex\">\n<div class=\"wp-block-button simple-button is-style-fill\"><a class=\"wp-block-button__link wp-element-button\" href=\"https:\/\/www.eticalgarve.com\/en\/training-areas\/\">Discover all Areas -&gt;<\/a><\/div>\n<\/div>\n<\/div>\n\n\n\n<div class=\"wp-block-group wp-container-content-2155ee95 is-layout-constrained wp-block-group-is-layout-constrained\">\n<h2 class=\"wp-block-heading has-darkcolour-color has-text-color has-link-color has-medium-plus-font-size wp-elements-c4448a55afe0fbae854cd9d21ae45df6\">Spaces<\/h2>\n\n\n\n<p class=\"has-darkcolour-color has-text-color has-link-color wp-elements-ee05a6ee7d535cc1059d2b57f91bda21\">Discover <strong>ETIC_Algarve&#8217;s technical training facilities<\/strong>: <strong>modern classrooms, a multipurpose studio,<\/strong> and <strong>fully equipped infrastructure<\/strong> for <strong>Video Games, Design, Photography, Marketing and Communication, Programming, Sound and Music, and Video<\/strong>.<\/p>\n\n\n\n<div class=\"wp-block-buttons is-layout-flex wp-block-buttons-is-layout-flex\">\n<div class=\"wp-block-button simple-button is-style-fill\"><a class=\"wp-block-button__link wp-element-button\" href=\"https:\/\/www.eticalgarve.com\/en\/etic_algarve\/spaces\/\">Discover the<br\/>Spaces -&gt;<\/a><\/div>\n<\/div>\n<\/div>\n\n\n\n<div class=\"wp-block-group is-layout-constrained wp-block-group-is-layout-constrained\">\n<h2 class=\"wp-block-heading has-darkcolour-color has-text-color has-link-color has-medium-plus-font-size wp-elements-92271ade12a8bb8719914fac8ebde107\">Equipments<\/h2>\n\n\n\n<p class=\"has-darkcolour-color has-text-color has-link-color wp-elements-b9562236788b4bf48280d52b5fd5e8ff\">At <strong>ETIC_Algarve<\/strong>, we invest in <strong>modern and diverse equipment<\/strong> to ensure <strong>technical, practical training<\/strong> that is aligned with the current challenges of the labour market.<\/p>\n\n\n\n<div class=\"wp-block-buttons is-layout-flex wp-block-buttons-is-layout-flex\">\n<div class=\"wp-block-button simple-button is-style-fill\"><a class=\"wp-block-button__link wp-element-button\" href=\"https:\/\/www.eticalgarve.com\/en\/etic_algarve\/equipment\/\">See the equipments \u2192<\/a><\/div>\n<\/div>\n<\/div>\n\n\n\n<div class=\"wp-block-group is-layout-constrained wp-block-group-is-layout-constrained\">\n<h2 class=\"wp-block-heading has-darkcolour-color has-text-color has-link-color has-medium-plus-font-size wp-elements-72fe5717520f6d5e8b5214d141817576\">Project Portfolio<\/h2>\n\n\n\n<p class=\"has-darkcolour-color has-text-color has-link-color wp-elements-8e3945edcbe43fa8f05858849cf16bde\">At <strong>ETIC_Algarve<\/strong>, the <strong>portfolio of creative projects<\/strong> developed by trainees is a <strong>real advantage<\/strong>. Each project is an opportunity to <strong>apply skills, gain practical experience<\/strong> and <strong>build a professional portfolio <\/strong>that <strong>opens doors in the job market<\/strong>.<\/p>\n\n\n\n<div class=\"wp-block-buttons is-layout-flex wp-block-buttons-is-layout-flex\">\n<div class=\"wp-block-button simple-button is-style-fill\"><a class=\"wp-block-button__link wp-element-button\" href=\"https:\/\/www.eticalgarve.com\/en\/etic_algarve\/portfolio\/\">See Projects -&gt;<\/a><\/div>\n<\/div>\n<\/div>\n\n\n\n<div class=\"wp-block-group is-layout-constrained wp-block-group-is-layout-constrained\">\n<h2 class=\"wp-block-heading has-darkcolour-color has-text-color has-link-color has-medium-plus-font-size wp-elements-8a309d245f59c57391c4714b29188275\">Trainers<\/h2>\n\n\n\n<p class=\"has-darkcolour-color has-text-color has-link-color wp-elements-5164ec05125513c683c3bd58cf412d5c\">At <strong>ETIC_Algarve,<\/strong> the <strong>trainers<\/strong> are <strong>professionals active in the creative and technological job market<\/strong>, bringing <strong>real and current experiences<\/strong> to the <strong>classroom.<\/strong><\/p>\n\n\n\n<div class=\"wp-block-buttons is-layout-flex wp-block-buttons-is-layout-flex\">\n<div class=\"wp-block-button simple-button is-style-fill\"><a class=\"wp-block-button__link wp-element-button\" href=\"https:\/\/www.eticalgarve.com\/en\/etic_algarve\/staff\/\">Meet the Trainers \u2192<\/a><\/div>\n<\/div>\n<\/div>\n\n\n\n<div class=\"wp-block-group is-layout-constrained wp-block-group-is-layout-constrained\">\n<h2 class=\"wp-block-heading has-darkcolour-color has-text-color has-link-color has-medium-plus-font-size wp-elements-631596d6cc109b04c56218507dd03833\">Progression of Studies<\/h2>\n\n\n\n<p class=\"has-darkcolour-color has-text-color has-link-color wp-elements-45a49994677bb2621b93fd7bbfe4147e\">At ETIC_Algarve, you can continue your technical training through a <strong>Specialisation Course<\/strong>, with the possibility of <strong>progressing your studies at partner universities<\/strong> in Portugal or other European countries, and obtain a recognised <strong>international certification<\/strong>.<\/p>\n\n\n\n<div class=\"wp-block-buttons is-layout-flex wp-block-buttons-is-layout-flex\">\n<div class=\"wp-block-button simple-button is-style-fill\"><a class=\"wp-block-button__link wp-element-button\" href=\"https:\/\/www.eticalgarve.com\/en\/advantages\/study-progression\/\">Explore Study Progression -&gt;<\/a><\/div>\n<\/div>\n<\/div>\n<\/div>\n\n\n\n<div class=\"wp-block-kobu-custom-blocks-responsive-spacer responsive-spacer size-large\"><\/div>\n<\/div>\n\n<div class=\"wp-block-kobu-custom-blocks-responsive-spacer responsive-spacer size-large\"><\/div>\n\n<h2 class=\"wp-block-heading has-huge-font-size\"><a href=\"https:\/\/www.eticalgarve.com\/en\/advantages\/support-for-the-trainee\/\" target=\"_blank\" rel=\"noopener\">Support for the Trainee<\/a><\/h2>\n\n<p>At ETIC_Algarve, we value not only technical training, but also the personal and academic growth of our trainees. To this end, we offer support that makes a difference: optional and extra-curricular JUMP internships for professional integration, personal development support with subsidised psychological counselling, and grants (Training and Lu\u00eds Lobato) that promote equal opportunities.<\/p>\n\n<div class=\"wp-block-buttons is-layout-flex wp-block-buttons-is-layout-flex\">\n<div class=\"wp-block-button\"><a class=\"wp-block-button__link wp-element-button\" href=\"https:\/\/www.eticalgarve.com\/en\/advantages\/support-for-the-trainee\/\">Discover the support available<\/a><\/div>\n<\/div>\n\n<div class=\"wp-block-kobu-custom-blocks-responsive-spacer responsive-spacer size-small\"><\/div>\n\n<div class=\"wp-block-group grid-with-border apoio-ao-formando is-layout-grid wp-container-core-group-is-layout-8d2db683 wp-block-group-is-layout-grid\">\n<div class=\"wp-block-kobu-custom-blocks-inner-content-img media-content-group child-item align-right valign-start img-last\"><div class=\"content-col\"><div class=\"content-col-wrapper\">\n<div class=\"wp-block-group is-layout-constrained wp-block-group-is-layout-constrained\">\n<h2 class=\"wp-block-heading has-medium-plus-font-size\">Training Scholarship<\/h2>\n\n\n\n<div class=\"wp-block-buttons is-layout-flex wp-block-buttons-is-layout-flex\">\n<div class=\"wp-block-button simple-button\"><a class=\"wp-block-button__link wp-element-button\" href=\"https:\/\/www.eticalgarve.com\/en\/advantages\/support-for-the-trainee\/training-grant\/\">learn more \u2192<\/a><\/div>\n<\/div>\n<\/div>\n<\/div><\/div><div class=\"media-col\"><figure><img loading=\"lazy\" decoding=\"async\" width=\"670\" height=\"460\" class=\"wp-image-1237\" src=\"https:\/\/www.eticalgarve.com\/files\/uploads\/2025\/08\/apoio-ao-formando-1.webp\" alt=\"\" title=\"apoio-ao-formando-1\" sizes=\"auto, (min-width: 1201px) 35vw, (min-width: 601px) 50vw, 100vw\" srcset=\"https:\/\/www.eticalgarve.com\/files\/uploads\/2025\/08\/apoio-ao-formando-1.webp 670w, https:\/\/www.eticalgarve.com\/files\/uploads\/2025\/08\/apoio-ao-formando-1-300x206.webp 300w\" \/><\/figure><\/div><\/div>\n\n\n\n<div class=\"wp-block-kobu-custom-blocks-inner-content-img media-content-group child-item align-right valign-start img-last\"><div class=\"content-col\"><div class=\"content-col-wrapper\">\n<div class=\"wp-block-group is-layout-constrained wp-block-group-is-layout-constrained\">\n<h2 class=\"wp-block-heading has-medium-plus-font-size\">Lu\u00eds Lobato Scholarship<\/h2>\n\n\n\n<div class=\"wp-block-buttons is-layout-flex wp-block-buttons-is-layout-flex\">\n<div class=\"wp-block-button simple-button\"><a class=\"wp-block-button__link wp-element-button\" href=\"https:\/\/www.eticalgarve.com\/en\/advantages\/support-for-the-trainee\/luis-lobato-grant\/\">learn more \u2192<\/a><\/div>\n<\/div>\n<\/div>\n<\/div><\/div><div class=\"media-col\"><figure><img loading=\"lazy\" decoding=\"async\" width=\"670\" height=\"461\" class=\"wp-image-1240\" src=\"https:\/\/www.eticalgarve.com\/files\/uploads\/2025\/08\/apoio-ao-formando-2.webp\" alt=\"\" title=\"apoio-ao-formando-2\" sizes=\"auto, (min-width: 1201px) 35vw, (min-width: 601px) 50vw, 100vw\" srcset=\"https:\/\/www.eticalgarve.com\/files\/uploads\/2025\/08\/apoio-ao-formando-2.webp 670w, https:\/\/www.eticalgarve.com\/files\/uploads\/2025\/08\/apoio-ao-formando-2-300x206.webp 300w\" \/><\/figure><\/div><\/div>\n\n\n\n<div class=\"wp-block-kobu-custom-blocks-inner-content-img media-content-group child-item align-right valign-start img-last\"><div class=\"content-col\"><div class=\"content-col-wrapper\">\n<div class=\"wp-block-group is-layout-constrained wp-block-group-is-layout-constrained\">\n<h2 class=\"wp-block-heading has-medium-plus-font-size\">Personal Development<\/h2>\n\n\n\n<div class=\"wp-block-buttons is-layout-flex wp-block-buttons-is-layout-flex\">\n<div class=\"wp-block-button simple-button\"><a class=\"wp-block-button__link wp-element-button\" href=\"https:\/\/www.eticalgarve.com\/en\/advantages\/support-for-the-trainee\/personal-development-support\/\">learn more \u2192<\/a><\/div>\n<\/div>\n<\/div>\n<\/div><\/div><div class=\"media-col\"><figure><img loading=\"lazy\" decoding=\"async\" width=\"1920\" height=\"1080\" class=\"wp-image-6286\" src=\"https:\/\/www.eticalgarve.com\/files\/uploads\/2025\/10\/apoio-ao-desenvolvimento-pessoal.webp\" alt=\"apoio ao desenvolvimento pessoal\" title=\"apoio-ao-desenvolvimento-pessoal\" sizes=\"auto, (min-width: 1201px) 35vw, (min-width: 601px) 50vw, 100vw\" srcset=\"https:\/\/www.eticalgarve.com\/files\/uploads\/2025\/10\/apoio-ao-desenvolvimento-pessoal.webp 1920w, https:\/\/www.eticalgarve.com\/files\/uploads\/2025\/10\/apoio-ao-desenvolvimento-pessoal-300x169.webp 300w, https:\/\/www.eticalgarve.com\/files\/uploads\/2025\/10\/apoio-ao-desenvolvimento-pessoal-1024x576.webp 1024w, https:\/\/www.eticalgarve.com\/files\/uploads\/2025\/10\/apoio-ao-desenvolvimento-pessoal-768x432.webp 768w, https:\/\/www.eticalgarve.com\/files\/uploads\/2025\/10\/apoio-ao-desenvolvimento-pessoal-1536x864.webp 1536w\" \/><\/figure><\/div><\/div>\n\n\n\n<div class=\"wp-block-kobu-custom-blocks-inner-content-img media-content-group child-item align-right valign-start img-last\"><div class=\"content-col\"><div class=\"content-col-wrapper\">\n<div class=\"wp-block-group is-layout-constrained wp-block-group-is-layout-constrained\">\n<h2 class=\"wp-block-heading has-medium-plus-font-size\">JUMP Internships<\/h2>\n\n\n\n<div class=\"wp-block-buttons is-layout-flex wp-block-buttons-is-layout-flex\">\n<div class=\"wp-block-button simple-button\"><a class=\"wp-block-button__link wp-element-button\" href=\"https:\/\/www.eticalgarve.com\/en\/advantages\/support-for-the-trainee\/internships-jump\/\">learn more \u2192<\/a><\/div>\n<\/div>\n<\/div>\n<\/div><\/div><div class=\"media-col\"><figure><img loading=\"lazy\" decoding=\"async\" width=\"1920\" height=\"1080\" class=\"wp-image-6284\" src=\"https:\/\/www.eticalgarve.com\/files\/uploads\/2025\/10\/estagios-jump.webp\" alt=\"est\u00e1gio jump\" title=\"estagios-jump\" sizes=\"auto, (min-width: 1201px) 35vw, (min-width: 601px) 50vw, 100vw\" srcset=\"https:\/\/www.eticalgarve.com\/files\/uploads\/2025\/10\/estagios-jump.webp 1920w, https:\/\/www.eticalgarve.com\/files\/uploads\/2025\/10\/estagios-jump-300x169.webp 300w, https:\/\/www.eticalgarve.com\/files\/uploads\/2025\/10\/estagios-jump-1024x576.webp 1024w, https:\/\/www.eticalgarve.com\/files\/uploads\/2025\/10\/estagios-jump-768x432.webp 768w, https:\/\/www.eticalgarve.com\/files\/uploads\/2025\/10\/estagios-jump-1536x864.webp 1536w\" \/><\/figure><\/div><\/div>\n<\/div>\n\n<div class=\"wp-block-kobu-custom-blocks-responsive-spacer responsive-spacer size-large\"><\/div>\n\n<h2 class=\"wp-block-heading alignwide wp-block-heading-4_11 has-huge-font-size\"><a href=\"https:\/\/www.eticalgarve.com\/en\/advantages\/erasmus\/\" target=\"_blank\" rel=\"noopener\" data-type=\"link\" data-id=\"https:\/\/www.eticalgarve.com\/vantagens\/erasmus\/\">Erasmus +<\/a><\/h2>\n\n<div class=\"wp-block-kobu-custom-blocks-inner-content-img alignwide media-content-group child-item align-left valign-start img-last\"><div class=\"content-col\"><div class=\"content-col-wrapper\">\n<p class=\"has-small-font-size\">Discover Erasmus+ at ETIC_Algarve: internships and European mobility in the school&#8217;s seven creative and technological areas, where you can put your technical training into practice. Enjoy this advantage through international experiences that will enhance your future!<\/p>\n\n\n\n<div class=\"wp-block-buttons is-layout-flex wp-block-buttons-is-layout-flex\">\n<div class=\"wp-block-button\"><a class=\"wp-block-button__link wp-element-button\" href=\"https:\/\/www.eticalgarve.com\/en\/advantages\/erasmus\/\">Discover Erasmus+<\/a><\/div>\n<\/div>\n<\/div><\/div><div class=\"media-col\"><figure><img loading=\"lazy\" decoding=\"async\" width=\"1024\" height=\"597\" class=\"wp-image-6280\" src=\"https:\/\/www.eticalgarve.com\/files\/uploads\/2025\/10\/Blog-post-erasmus-3-1024x597-2.jpg\" alt=\"\u201cvantagens\nforma\u00e7\u00e3o t\u00e9cnica ETIC Algarve: Formandos em Erasmus+\" title=\"Blog-post-erasmus-3-1024x597\" sizes=\"auto, (min-width: 1201px) 35vw, (min-width: 601px) 50vw, 100vw\" srcset=\"https:\/\/www.eticalgarve.com\/files\/uploads\/2025\/10\/Blog-post-erasmus-3-1024x597-2.jpg 1024w, https:\/\/www.eticalgarve.com\/files\/uploads\/2025\/10\/Blog-post-erasmus-3-1024x597-2-300x175.jpg 300w, https:\/\/www.eticalgarve.com\/files\/uploads\/2025\/10\/Blog-post-erasmus-3-1024x597-2-768x448.jpg 768w\" \/><\/figure><\/div><\/div>\n\n<div class=\"wp-block-kobu-custom-blocks-responsive-spacer responsive-spacer size-large\"><\/div>\n\n<h2 class=\"wp-block-heading alignwide wp-block-heading-6_13 has-huge-font-size\"><a href=\"https:\/\/www.eticalgarve.com\/en\/advantages\/study-progression\/\" target=\"_blank\" rel=\"noopener\" data-type=\"link\" data-id=\"https:\/\/www.eticalgarve.com\/vantagens\/progressao-de-estudos\/\">Study Progression<\/a><\/h2>\n\n<div class=\"wp-block-kobu-custom-blocks-inner-content-img alignwide media-content-group child-item align-left valign-start img-last alignwide-center-4\"><div class=\"content-col\"><div class=\"content-col-wrapper\">\n<p class=\"has-small-font-size\">Continue your studies at ETIC_Algarve or at one of our partner universities in Portugal or Europe. Take a specialisation course and obtain international certification. An advantage that only this school can offer you!<\/p>\n\n\n\n<div class=\"wp-block-buttons is-layout-flex wp-block-buttons-is-layout-flex\">\n<div class=\"wp-block-button\"><a class=\"wp-block-button__link wp-element-button\" href=\"https:\/\/www.eticalgarve.com\/en\/advantages\/study-progression\/\">Learn more about Study Progression<\/a><\/div>\n<\/div>\n<\/div><\/div><div class=\"media-col\"><figure><img loading=\"lazy\" decoding=\"async\" width=\"1080\" height=\"1080\" class=\"wp-image-6282\" src=\"https:\/\/www.eticalgarve.com\/files\/uploads\/2025\/10\/progressao-de-estudos-02-a-1.webp\" alt=\"cerim\u00f3nia de gradua\u00e7\u00e3o progress\u00e3o de estudos\" title=\"progressao-de-estudos-02-a (1)\" sizes=\"auto, (min-width: 1201px) 35vw, (min-width: 601px) 50vw, 100vw\" srcset=\"https:\/\/www.eticalgarve.com\/files\/uploads\/2025\/10\/progressao-de-estudos-02-a-1.webp 1080w, https:\/\/www.eticalgarve.com\/files\/uploads\/2025\/10\/progressao-de-estudos-02-a-1-300x300.webp 300w, https:\/\/www.eticalgarve.com\/files\/uploads\/2025\/10\/progressao-de-estudos-02-a-1-1024x1024.webp 1024w, https:\/\/www.eticalgarve.com\/files\/uploads\/2025\/10\/progressao-de-estudos-02-a-1-150x150.webp 150w, https:\/\/www.eticalgarve.com\/files\/uploads\/2025\/10\/progressao-de-estudos-02-a-1-768x768.webp 768w\" \/><\/figure><\/div><\/div>\n\n<div class=\"wp-block-kobu-custom-blocks-responsive-spacer responsive-spacer size-large\"><\/div>\n\n<h2 class=\"wp-block-heading alignwide wp-block-heading-3_10 has-huge-font-size\"><a href=\"https:\/\/www.eticalgarve.com\/en\/advantages\/tailored-training\/\" target=\"_blank\" rel=\"noopener\">Tailored Training<\/a><\/h2>\n\n<div class=\"wp-block-kobu-custom-blocks-inner-content-img alignwide media-content-group child-item align-right valign-start img-last alignwide-left\"><div class=\"content-col\"><div class=\"content-col-wrapper\">\n<p class=\"has-small-font-size\">ETIC_Algarve&#8217;s Tailor-Made Training is designed for companies and professionals who want to update their skills or implement new work tools. We create personalised and certified plans in the areas of creative and technological industries, always focused on your needs and objectives, through technical training.<\/p>\n\n\n\n<div class=\"wp-block-buttons is-layout-flex wp-block-buttons-is-layout-flex\">\n<div class=\"wp-block-button\"><a class=\"wp-block-button__link wp-element-button\" href=\"https:\/\/www.eticalgarve.com\/en\/advantages\/tailored-training\/\">Find out all about Tailor-made Training<\/a><\/div>\n<\/div>\n<\/div><\/div><div class=\"media-col\"><figure><img loading=\"lazy\" decoding=\"async\" width=\"1920\" height=\"1080\" class=\"wp-image-7095\" src=\"https:\/\/www.eticalgarve.com\/files\/uploads\/2025\/10\/formacao-a-medida-04.webp\" alt=\"\" title=\"formacao-a-medida-04\" sizes=\"auto, (min-width: 1201px) 35vw, (min-width: 601px) 50vw, 100vw\" srcset=\"https:\/\/www.eticalgarve.com\/files\/uploads\/2025\/10\/formacao-a-medida-04.webp 1920w, https:\/\/www.eticalgarve.com\/files\/uploads\/2025\/10\/formacao-a-medida-04-300x169.webp 300w, https:\/\/www.eticalgarve.com\/files\/uploads\/2025\/10\/formacao-a-medida-04-1024x576.webp 1024w, https:\/\/www.eticalgarve.com\/files\/uploads\/2025\/10\/formacao-a-medida-04-768x432.webp 768w, https:\/\/www.eticalgarve.com\/files\/uploads\/2025\/10\/formacao-a-medida-04-1536x864.webp 1536w\" \/><\/figure><\/div><\/div>\n\n<div class=\"wp-block-kobu-custom-blocks-responsive-spacer responsive-spacer size-large\"><\/div>\n","protected":false},"excerpt":{"rendered":"<p>The advantages of technical training at ETIC_Algarve are distinguished by the combination of practical experience, personalised support and links to the job market. From Erasmus+ internships that open doors to Europe, to scholarships such as the Training Scholarship and the Lu\u00eds Lobato Scholarship that promote equal opportunities, to JUMP extracurricular internships and personal development support, each resource is designed to enhance the trainees&#8217; journey. <\/p>\n<p>Added to this are the seven areas of training, modern facilities, state-of-the-art equipment, a portfolio of real projects and trainers who are active in the market. All this makes ETIC_Algarve a unique school in the Algarve for studying, creating and growing professionally.a<\/p>\n","protected":false},"author":6,"featured_media":0,"parent":0,"menu_order":0,"comment_status":"closed","ping_status":"closed","template":"","meta":{"_acf_changed":false,"inline_featured_image":false,"footnotes":""},"class_list":["post-1955","page","type-page","status-publish","hentry"],"acf":[],"_links":{"self":[{"href":"https:\/\/www.eticalgarve.com\/en\/wp-json\/wp\/v2\/pages\/1955","targetHints":{"allow":["GET"]}}],"collection":[{"href":"https:\/\/www.eticalgarve.com\/en\/wp-json\/wp\/v2\/pages"}],"about":[{"href":"https:\/\/www.eticalgarve.com\/en\/wp-json\/wp\/v2\/types\/page"}],"author":[{"embeddable":true,"href":"https:\/\/www.eticalgarve.com\/en\/wp-json\/wp\/v2\/users\/6"}],"replies":[{"embeddable":true,"href":"https:\/\/www.eticalgarve.com\/en\/wp-json\/wp\/v2\/comments?post=1955"}],"version-history":[{"count":5,"href":"https:\/\/www.eticalgarve.com\/en\/wp-json\/wp\/v2\/pages\/1955\/revisions"}],"predecessor-version":[{"id":10637,"href":"https:\/\/www.eticalgarve.com\/en\/wp-json\/wp\/v2\/pages\/1955\/revisions\/10637"}],"wp:attachment":[{"href":"https:\/\/www.eticalgarve.com\/en\/wp-json\/wp\/v2\/media?parent=1955"}],"curies":[{"name":"wp","href":"https:\/\/api.w.org\/{rel}","templated":true}]}}